{"id":828,"date":"2021-11-16T11:28:32","date_gmt":"2021-11-16T11:28:32","guid":{"rendered":"https:\/\/dev.marksite.es\/stem\/?page_id=828"},"modified":"2021-11-16T14:46:21","modified_gmt":"2021-11-16T14:46:21","slug":"itineraris-formatius","status":"publish","type":"page","link":"https:\/\/www.fundaciobit.org\/stem\/itineraris-formatius\/","title":{"rendered":"Itineraris Formatius"},"content":{"rendered":"<p>[et_pb_section fb_built=\u00bb1&#8243; _builder_version=\u00bb4.7.7&#8243; _module_preset=\u00bbdefault\u00bb background_color=\u00bb#ebf6fa\u00bb custom_padding=\u00bb40px||0px|||\u00bb da_disable_devices=\u00bboff|off|off\u00bb global_colors_info=\u00bb{}\u00bb da_is_popup=\u00bboff\u00bb da_exit_intent=\u00bboff\u00bb da_has_close=\u00bbon\u00bb da_alt_close=\u00bboff\u00bb da_dark_close=\u00bboff\u00bb da_not_modal=\u00bbon\u00bb da_is_singular=\u00bboff\u00bb da_with_loader=\u00bboff\u00bb da_has_shadow=\u00bbon\u00bb][et_pb_row _builder_version=\u00bb4.7.7&#8243; _module_preset=\u00bbdefault\u00bb custom_padding=\u00bb0px|||||\u00bb global_colors_info=\u00bb{}\u00bb][et_pb_column type=\u00bb4_4&#8243; _builder_version=\u00bb4.7.7&#8243; _module_preset=\u00bbdefault\u00bb global_colors_info=\u00bb{}\u00bb][et_pb_text _builder_version=\u00bb4.13.0&#8243; _module_preset=\u00bbdefault\u00bb text_font_size=\u00bb50px\u00bb text_line_height=\u00bb1.3em\u00bb header_font=\u00bb|700|||||||\u00bb header_text_align=\u00bbleft\u00bb header_text_color=\u00bb#000000&#8243; header_font_size=\u00bb75px\u00bb width=\u00bb100%\u00bb width_tablet=\u00bb83%\u00bb width_phone=\u00bb83%\u00bb width_last_edited=\u00bbon|phone\u00bb custom_margin=\u00bb||31px|||\u00bb custom_padding=\u00bb28px|||||\u00bb header_font_size_tablet=\u00bb55px\u00bb header_font_size_phone=\u00bb35px\u00bb header_font_size_last_edited=\u00bbon|tablet\u00bb locked=\u00bboff\u00bb global_colors_info=\u00bb{}\u00bb]<\/p>\n<h1><strong>Itineraris Formatius<\/strong><\/h1>\n<p>[\/et_pb_text][\/et_pb_column][\/et_pb_row][\/et_pb_section][et_pb_section fb_built=\u00bb1&#8243; module_id=\u00bbvideo\u00bb _builder_version=\u00bb4.7.7&#8243; _module_preset=\u00bbdefault\u00bb background_color=\u00bb#eb5c67&#8243; background_enable_image=\u00bboff\u00bb parallax=\u00bbon\u00bb z_index=\u00bb10&#8243; custom_padding=\u00bb75px||75px||true|\u00bb da_disable_devices=\u00bboff|off|off\u00bb locked=\u00bboff\u00bb global_colors_info=\u00bb{}\u00bb da_is_popup=\u00bboff\u00bb da_exit_intent=\u00bboff\u00bb da_has_close=\u00bbon\u00bb da_alt_close=\u00bboff\u00bb da_dark_close=\u00bboff\u00bb da_not_modal=\u00bbon\u00bb da_is_singular=\u00bboff\u00bb da_with_loader=\u00bboff\u00bb da_has_shadow=\u00bbon\u00bb][et_pb_row _builder_version=\u00bb4.7.7&#8243; _module_preset=\u00bbdefault\u00bb global_colors_info=\u00bb{}\u00bb][et_pb_column type=\u00bb4_4&#8243; _builder_version=\u00bb4.7.7&#8243; _module_preset=\u00bbdefault\u00bb global_colors_info=\u00bb{}\u00bb][et_pb_text _builder_version=\u00bb4.13.0&#8243; _module_preset=\u00bbdefault\u00bb text_text_color=\u00bb#ffffff\u00bb text_font_size=\u00bb40px\u00bb text_line_height=\u00bb1.1em\u00bb ul_font_size=\u00bb30px\u00bb ul_line_height=\u00bb1.1em\u00bb header_font=\u00bb||||||||\u00bb header_text_align=\u00bbleft\u00bb header_text_color=\u00bb#000000&#8243; header_font_size=\u00bb70px\u00bb header_2_font=\u00bb|700|||||||\u00bb header_2_text_color=\u00bb#ffffff\u00bb header_2_font_size=\u00bb65px\u00bb custom_margin=\u00bb||29px|||\u00bb text_font_size_tablet=\u00bb30px\u00bb text_font_size_phone=\u00bb20px\u00bb text_font_size_last_edited=\u00bbon|phone\u00bb ul_font_size_tablet=\u00bb30px\u00bb ul_font_size_phone=\u00bb20px\u00bb ul_font_size_last_edited=\u00bbon|phone\u00bb locked=\u00bboff\u00bb global_colors_info=\u00bb{}\u00bb width__hover_enabled=\u00bbon|desktop\u00bb]<\/p>\n<p>Per a encaminar-te cap a estudis STEM has de triar assignatures o itineraris STEM de ci\u00e8ncies, tecnologia, f\u00edsica i matem\u00e0tiques II. Si no ho fas, sempre trobar\u00e0s altres camins per a tard o d\u2019hora arribar-hi:<\/p>\n<ul>\n<li><strong><a href=\"https:\/\/www.caib.es\/sites\/matricula\/ca\/matracula_mataries_segons_lestructura_deso_i_batxillerat\/\" target=\"_blank\" rel=\"noopener\">Estructura d\u2019ESO, Batxillerat i convalidacions<\/a><\/strong>\n<ul>\n<li>4t d\u2019ESO tria assignatures relacionades amb les ci\u00e8ncies i la tecnologia.<\/li>\n<li>1r Batxillerat tria la modalitat de ci\u00e8ncies.<\/li>\n<li>2on Batxillerat tria la modalitat de ci\u00e8ncies.\n<p>! ATENCI\u00d3. En el cas de canvi de modalitat o itinerari, les mat\u00e8ries no cursades de 1r de Batxillerat s\u2019han de cursar a dist\u00e0ncia (<a href=\"https:\/\/iedib.net\/\" target=\"_blank\" rel=\"noopener\"><strong>IEDIB<\/strong><\/a>) .<\/p>\n<\/li>\n<\/ul>\n<\/li>\n<li><strong><a href=\"https:\/\/www.caib.es\/sites\/fp\/ca\/oferta_formativa_2021-2022\/\" target=\"_blank\" rel=\"noopener\">Formaci\u00f3 Professional<\/a><\/strong>. Consultar l\u2019oferta formativa per fam\u00edlies professionals i nivells relacionats amb la ci\u00e8ncia, tecnologia, electr\u00f2nica, qu\u00edmica. Has de tenir present la vinculaci\u00f3 entre els estudis universitaris i els cicles formatius de grau superior.<\/li>\n<li>Les universitats publiquen els requisits per a matricular-se als graus STEM, aqu\u00ed tens el llistat de les que tenen seu a les Illes Balears.\n<ul>\n<li>\u00a0<a href=\"https:\/\/estudis.uib.cat\/estudis-de-grau\/grau\/\" target=\"_blank\" rel=\"noopener\"><strong>Graus STEM a la UIB\u00a0<\/strong><\/a> (Ci\u00e8ncies, Ci\u00e8ncies de la Salut, Enginyeria i Arquitectura) a la pestanya d\u2019\u201dAcc\u00e9s i admissi\u00f3\u201d a \u201cVies d\u2019acc\u00e9s a l\u2019estudi\u201d de cada grau trobar\u00e0s els requisits per a poder-te matricular.<\/li>\n<li><strong><a href=\"https:\/\/estudis.uoc.edu\/ca\/graus#portlet_euocuc402llistatarea_WAR_euocentrega3portlet_INSTANCE_kDk3\" target=\"_blank\" rel=\"noopener\">Graus STEM a la UOC<\/a><\/strong> (Ci\u00e8ncies de la Salut, Inform\u00e0tica, Multim\u00e8dia i Telecomunicaci\u00f3), a cada grau a \u201cRequisits d\u2019Acc\u00e9s\u201d veur\u00e0s que haver cursat pr\u00e8viament per a accedir-hi.<\/li>\n<li>\u00a0<strong><a href=\"https:\/\/portal.uned.es\/portal\/page?_pageid=93,1643102&amp;_dad=portal&amp;_schema=PORTAL\" target=\"_blank\" rel=\"noopener\">Graus STEM a la UNED<\/a><\/strong>\u00a0 (Ci\u00e8ncies, Ci\u00e8ncies de la Salut, Enginyeria i Arquitectura).<\/li>\n<\/ul>\n<\/li>\n<li>El <strong><a href=\"https:\/\/intranet.caib.es\/accforfront\/principal.xhtml?seleccion=aplicacions14\" target=\"_blank\" rel=\"noopener\">SOIB<\/a><\/strong> ofereix cursos relacionats amb mat\u00e8ries STEM en les fam\u00edlies professionals:\n<ul>\n<li>Edificaci\u00f3 i obra civil.<\/li>\n<li>Electricitat i electr\u00f2nica.<\/li>\n<li>Energia i aigua.<\/li>\n<li>Ind\u00fastries aliment\u00e0ries.<\/li>\n<li>Inform\u00e0tica i comunicacions.<\/li>\n<li>Instal\u00b7laci\u00f3 i manteniment.<\/li>\n<li>Sanitat.<\/li>\n<\/ul>\n<\/li>\n<li>En totes les universitats pots trobar m\u00e0sters i doctorats relacionats amb STEM.<\/li>\n<li>En l\u2019\u00e0mbit tecnol\u00f2gic existeixen recursos did\u00e0ctics i formaci\u00f3 no reglada abundant.<\/li>\n<\/ul>\n<p>[\/et_pb_text][\/et_pb_column][\/et_pb_row][\/et_pb_section]<\/p>\n","protected":false},"excerpt":{"rendered":"<p>Itineraris FormatiusPer a encaminar-te cap a estudis STEM has de triar assignatures o itineraris STEM de ci\u00e8ncies, tecnologia, f\u00edsica i matem\u00e0tiques II. Si no ho fas, sempre trobar\u00e0s altres camins per a tard o d\u2019hora arribar-hi: Estructura d\u2019ESO, Batxillerat i convalidacions 4t d\u2019ESO tria assignatures relacionades amb les ci\u00e8ncies i la tecnologia. 1r Batxillerat tria [&hellip;]<\/p>\n","protected":false},"author":1,"featured_media":0,"parent":0,"menu_order":0,"comment_status":"closed","ping_status":"closed","template":"","meta":{"_et_pb_use_builder":"on","_et_pb_old_content":"","_et_gb_content_width":"","footnotes":""},"class_list":["post-828","page","type-page","status-publish","hentry"],"_links":{"self":[{"href":"https:\/\/www.fundaciobit.org\/stem\/wp-json\/wp\/v2\/pages\/828","targetHints":{"allow":["GET"]}}],"collection":[{"href":"https:\/\/www.fundaciobit.org\/stem\/wp-json\/wp\/v2\/pages"}],"about":[{"href":"https:\/\/www.fundaciobit.org\/stem\/wp-json\/wp\/v2\/types\/page"}],"author":[{"embeddable":true,"href":"https:\/\/www.fundaciobit.org\/stem\/wp-json\/wp\/v2\/users\/1"}],"replies":[{"embeddable":true,"href":"https:\/\/www.fundaciobit.org\/stem\/wp-json\/wp\/v2\/comments?post=828"}],"version-history":[{"count":6,"href":"https:\/\/www.fundaciobit.org\/stem\/wp-json\/wp\/v2\/pages\/828\/revisions"}],"predecessor-version":[{"id":851,"href":"https:\/\/www.fundaciobit.org\/stem\/wp-json\/wp\/v2\/pages\/828\/revisions\/851"}],"wp:attachment":[{"href":"https:\/\/www.fundaciobit.org\/stem\/wp-json\/wp\/v2\/media?parent=828"}],"curies":[{"name":"wp","href":"https:\/\/api.w.org\/{rel}","templated":true}]}}