{"id":684,"date":"2021-11-09T11:12:20","date_gmt":"2021-11-09T11:12:20","guid":{"rendered":"https:\/\/dev.marksite.es\/stem\/?page_id=684"},"modified":"2023-09-12T13:27:08","modified_gmt":"2023-09-12T13:27:08","slug":"bones-practiques-i-iniciatives-a-la-unio-europea-i-a-la-resta-del-mon","status":"publish","type":"page","link":"https:\/\/www.fundaciobit.org\/stem\/bones-practiques-i-iniciatives-a-la-unio-europea-i-a-la-resta-del-mon\/","title":{"rendered":"Bones pr\u00e0ctiques i iniciatives a la Uni\u00f3 Europea i a la resta del m\u00f3n"},"content":{"rendered":"<p>[et_pb_section fb_built=\u00bb1&#8243; _builder_version=\u00bb4.7.7&#8243; _module_preset=\u00bbdefault\u00bb background_color=\u00bb#ebf6fa\u00bb custom_padding=\u00bb40px||0px|||\u00bb da_disable_devices=\u00bboff|off|off\u00bb global_colors_info=\u00bb{}\u00bb da_is_popup=\u00bboff\u00bb da_exit_intent=\u00bboff\u00bb da_has_close=\u00bbon\u00bb da_alt_close=\u00bboff\u00bb da_dark_close=\u00bboff\u00bb da_not_modal=\u00bbon\u00bb da_is_singular=\u00bboff\u00bb da_with_loader=\u00bboff\u00bb da_has_shadow=\u00bbon\u00bb][et_pb_row _builder_version=\u00bb4.7.7&#8243; _module_preset=\u00bbdefault\u00bb custom_padding=\u00bb0px|||||\u00bb global_colors_info=\u00bb{}\u00bb][et_pb_column type=\u00bb4_4&#8243; _builder_version=\u00bb4.7.7&#8243; _module_preset=\u00bbdefault\u00bb global_colors_info=\u00bb{}\u00bb][et_pb_text _builder_version=\u00bb4.13.0&#8243; _module_preset=\u00bbdefault\u00bb text_font_size=\u00bb50px\u00bb text_line_height=\u00bb1.3em\u00bb header_font=\u00bb|700|||||||\u00bb header_text_align=\u00bbleft\u00bb header_text_color=\u00bb#000000&#8243; header_font_size=\u00bb75px\u00bb width=\u00bb100%\u00bb width_tablet=\u00bb83%\u00bb width_phone=\u00bb83%\u00bb width_last_edited=\u00bbon|phone\u00bb custom_margin=\u00bb||31px|||\u00bb custom_padding=\u00bb28px|||||\u00bb header_font_size_tablet=\u00bb55px\u00bb header_font_size_phone=\u00bb35px\u00bb header_font_size_last_edited=\u00bbon|tablet\u00bb locked=\u00bboff\u00bb global_colors_info=\u00bb{}\u00bb]<\/p>\n<h1><strong>Bones pr\u00e0ctiques i iniciatives a la UE<\/strong><\/h1>\n<p>[\/et_pb_text][\/et_pb_column][\/et_pb_row][\/et_pb_section][et_pb_section fb_built=\u00bb1&#8243; module_id=\u00bbvideo\u00bb _builder_version=\u00bb4.7.7&#8243; _module_preset=\u00bbdefault\u00bb background_color=\u00bb#eb5c67&#8243; background_enable_image=\u00bboff\u00bb parallax=\u00bbon\u00bb z_index=\u00bb10&#8243; custom_padding=\u00bb75px||75px||true|\u00bb da_disable_devices=\u00bboff|off|off\u00bb locked=\u00bboff\u00bb global_colors_info=\u00bb{}\u00bb da_is_popup=\u00bboff\u00bb da_exit_intent=\u00bboff\u00bb da_has_close=\u00bbon\u00bb da_alt_close=\u00bboff\u00bb da_dark_close=\u00bboff\u00bb da_not_modal=\u00bbon\u00bb da_is_singular=\u00bboff\u00bb da_with_loader=\u00bboff\u00bb da_has_shadow=\u00bbon\u00bb][et_pb_row _builder_version=\u00bb4.7.7&#8243; _module_preset=\u00bbdefault\u00bb global_colors_info=\u00bb{}\u00bb][et_pb_column type=\u00bb4_4&#8243; _builder_version=\u00bb4.7.7&#8243; _module_preset=\u00bbdefault\u00bb global_colors_info=\u00bb{}\u00bb][et_pb_text _builder_version=\u00bb4.13.0&#8243; _module_preset=\u00bbdefault\u00bb text_text_color=\u00bb#ffffff\u00bb text_font_size=\u00bb40px\u00bb text_line_height=\u00bb1.1em\u00bb ul_font_size=\u00bb30px\u00bb ul_line_height=\u00bb1.1em\u00bb header_font=\u00bb||||||||\u00bb header_text_align=\u00bbleft\u00bb header_text_color=\u00bb#000000&#8243; header_font_size=\u00bb70px\u00bb header_2_font=\u00bb|700|||||||\u00bb header_2_text_color=\u00bb#ffffff\u00bb header_2_font_size=\u00bb65px\u00bb custom_margin=\u00bb||29px|||\u00bb text_font_size_tablet=\u00bb30px\u00bb text_font_size_phone=\u00bb20px\u00bb text_font_size_last_edited=\u00bbon|phone\u00bb ul_font_size_tablet=\u00bb30px\u00bb ul_font_size_phone=\u00bb20px\u00bb ul_font_size_last_edited=\u00bbon|phone\u00bb locked=\u00bboff\u00bb global_colors_info=\u00bb{}\u00bb width__hover_enabled=\u00bbon|desktop\u00bb]<\/p>\n<p><strong><a href=\"https:\/\/digital-strategy.ec.europa.eu\/en\/news\/eu-prize-women-innovators\" target=\"_blank\" rel=\"noopener\">EU Prize for Women Innovators<\/a><\/strong><\/p>\n<p>[\/et_pb_text][\/et_pb_column][\/et_pb_row][\/et_pb_section][et_pb_section fb_built=\u00bb1&#8243; _builder_version=\u00bb4.7.7&#8243; _module_preset=\u00bbdefault\u00bb background_color=\u00bb#ebf6fa\u00bb custom_padding=\u00bb40px||0px|||\u00bb da_disable_devices=\u00bboff|off|off\u00bb locked=\u00bboff\u00bb global_colors_info=\u00bb{}\u00bb da_is_popup=\u00bboff\u00bb da_exit_intent=\u00bboff\u00bb da_has_close=\u00bbon\u00bb da_alt_close=\u00bboff\u00bb da_dark_close=\u00bboff\u00bb da_not_modal=\u00bbon\u00bb da_is_singular=\u00bboff\u00bb da_with_loader=\u00bboff\u00bb da_has_shadow=\u00bbon\u00bb][et_pb_row _builder_version=\u00bb4.7.7&#8243; _module_preset=\u00bbdefault\u00bb custom_padding=\u00bb0px|||||\u00bb global_colors_info=\u00bb{}\u00bb][et_pb_column type=\u00bb4_4&#8243; _builder_version=\u00bb4.7.7&#8243; _module_preset=\u00bbdefault\u00bb global_colors_info=\u00bb{}\u00bb][et_pb_text _builder_version=\u00bb4.12.1&#8243; _module_preset=\u00bbdefault\u00bb text_font_size=\u00bb50px\u00bb text_line_height=\u00bb1.3em\u00bb header_font=\u00bb|700|||||||\u00bb header_text_align=\u00bbleft\u00bb header_text_color=\u00bb#000000&#8243; header_font_size=\u00bb75px\u00bb width=\u00bb100%\u00bb width_tablet=\u00bb83%\u00bb width_phone=\u00bb83%\u00bb width_last_edited=\u00bbon|phone\u00bb custom_margin=\u00bb||31px|||\u00bb custom_padding=\u00bb28px|||||\u00bb header_font_size_tablet=\u00bb55px\u00bb header_font_size_phone=\u00bb35px\u00bb header_font_size_last_edited=\u00bbon|tablet\u00bb locked=\u00bboff\u00bb global_colors_info=\u00bb{}\u00bb]<\/p>\n<h1><strong>Bones pr\u00e0ctiques i iniciatives a la resta del m\u00f3n<\/strong><strong>\u00a0<\/strong><\/h1>\n<p>[\/et_pb_text][\/et_pb_column][\/et_pb_row][\/et_pb_section][et_pb_section fb_built=\u00bb1&#8243; module_id=\u00bbvideo\u00bb _builder_version=\u00bb4.7.7&#8243; _module_preset=\u00bbdefault\u00bb background_color=\u00bb#eb5c67&#8243; background_enable_image=\u00bboff\u00bb parallax=\u00bbon\u00bb z_index=\u00bb10&#8243; custom_padding=\u00bb75px||75px||true|\u00bb da_disable_devices=\u00bboff|off|off\u00bb locked=\u00bboff\u00bb global_colors_info=\u00bb{}\u00bb da_is_popup=\u00bboff\u00bb da_exit_intent=\u00bboff\u00bb da_has_close=\u00bbon\u00bb da_alt_close=\u00bboff\u00bb da_dark_close=\u00bboff\u00bb da_not_modal=\u00bbon\u00bb da_is_singular=\u00bboff\u00bb da_with_loader=\u00bboff\u00bb da_has_shadow=\u00bbon\u00bb][et_pb_row _builder_version=\u00bb4.7.7&#8243; _module_preset=\u00bbdefault\u00bb global_colors_info=\u00bb{}\u00bb][et_pb_column type=\u00bb4_4&#8243; _builder_version=\u00bb4.7.7&#8243; _module_preset=\u00bbdefault\u00bb global_colors_info=\u00bb{}\u00bb][et_pb_text _builder_version=\u00bb4.13.0&#8243; _module_preset=\u00bbdefault\u00bb text_text_color=\u00bb#ffffff\u00bb text_font_size=\u00bb40px\u00bb text_line_height=\u00bb1.1em\u00bb ul_font_size=\u00bb30px\u00bb ul_line_height=\u00bb1.1em\u00bb header_font=\u00bb||||||||\u00bb header_text_align=\u00bbleft\u00bb header_text_color=\u00bb#000000&#8243; header_font_size=\u00bb70px\u00bb header_2_font=\u00bb|700|||||||\u00bb header_2_text_color=\u00bb#ffffff\u00bb header_2_font_size=\u00bb65px\u00bb custom_margin=\u00bb||29px|||\u00bb text_font_size_tablet=\u00bb30px\u00bb text_font_size_phone=\u00bb20px\u00bb text_font_size_last_edited=\u00bbon|phone\u00bb ul_font_size_tablet=\u00bb30px\u00bb ul_font_size_phone=\u00bb20px\u00bb ul_font_size_last_edited=\u00bbon|phone\u00bb locked=\u00bboff\u00bb global_colors_info=\u00bb{}\u00bb width__hover_enabled=\u00bbon|desktop\u00bb]<\/p>\n<ul>\n<li><strong><a href=\"https:\/\/digigirlzevents.microsoftcrmportals.com\/landingpage\" target=\"_blank\" rel=\"noopener\">Microsoft DigiGirlz<\/a> <\/strong>Esdeveniments. La p\u00e0gina web \u00e9s principalment en angl\u00e8s per\u00f2 hi ha esdeveniments en castell\u00e0, a Costa Rica per exemple.<\/li>\n<li><strong><a href=\"http:\/\/www.technovationchallenge.org\/\" target=\"_blank\" rel=\"noopener\">Technovation Girls<\/a>\u00a0<\/strong>\u00e9s un concurs internacional de\u00a0<strong>tecnologia<\/strong>\u00a0i\u00a0<strong>emprenedoria<\/strong>\u00a0que cada any convida a\u00a0<strong>nines<\/strong>\u00a0i\u00a0<strong>adolescents<\/strong>\u00a0d&#8217;entre 10 i 18 anys a crear una\u00a0<strong>aplicaci\u00f3 m\u00f2bil<\/strong>\u00a0com a soluci\u00f3 tecnol\u00f2gica a un problema social. Les joves utilitzen la tecnologia com a mitj\u00e0 per a aportar solucions tecnol\u00f2giques a l&#8217;assetjament escolar, la sostenibilitat, la cura de les persones majors, entre d&#8217;altres. El\u00a0<strong>proc\u00e9s d&#8217;ensenyament-aprenentatge<\/strong>\u00a0de les m\u00e9s joves estar\u00e0 acompanyat i guiat per una persona\u00a0<strong>mentora<\/strong>\u00a0(dones i homes<a href=\"http:\/\/www.technovationchallenge.org\/\">\u200b<\/a>).<\/li>\n<li><strong><a href=\"http:\/\/girlsintech.org\" target=\"_blank\" rel=\"noopener\">Girls in Tech (GIT)<\/a><\/strong> \u00e9s una organitzaci\u00f3 sense \u00e0nim de lucre orientada a involucrar, capacitar i empoderar les nenes i dones en la tecnologia.Alguns dels seus programes s\u00f3n: Lady Pitch Night, Catalyst Conference, Bootcamps de Programaci\u00f3 i Disseny, Hackathons, XChange, Global Classroom, GIT WORK.<br \/>La branca a Espanya.<\/li>\n<li><a href=\"https:\/\/es.wikipedia.org\/wiki\/D%C3%ADa_Internacional_de_las_Ni%C3%B1as_en_las_TIC\" target=\"_blank\" rel=\"noopener\"><strong>22\/04 \u00e9s el Dia Internacional NinesTIC<\/strong><\/a><\/li>\n<li><a href=\"https:\/\/techbridgegirls.org\/\" target=\"_blank\" rel=\"noopener\"><strong>Techbridge Girl.<\/strong><\/a>\u00a0 Techbridge Girls equipa educadors fora de l\u2019horari escolar (professorat, persones facilitadores sense \u00e0nim de lucre i voluntarat) per oferir el seu curr\u00edculum STEM sensible al g\u00e8nere i culturalment rellevant a les noies i els joves sense extereotips de g\u00e9nere amb \u00e8mfasi en la participaci\u00f3 de noies negres, ind\u00edgenes i de color de comunitats amb pocs recursos mitjan\u00e7ant programes per a nines de prim\u00e0ria i secund\u00e0ria. Objectiu de la formaci\u00f3 per a professorat: Incentivar l\u2019inter\u00e8s de les nines pels seus viatges STEM. En aquest programa, els educadors treballen amb les noies per oferir activitats de suport emocional i STEM atractives. Ofereix contingut STEM i SE (suport emocional) de f\u00e0cil acc\u00e9s, d&#8217;alta qualitat i ampli mitjan\u00e7ant experi\u00e8ncies STEM divertides i atractives que generen connexi\u00f3 i comunitat, que es poden fer en persona, en l\u00ednia o ambdues coses. El pla d\u2019estudis ofereix la m\u00e0xima flexibilitat per impartir-se en una s\u00e8rie o perqu\u00e8 funcioni millor per al grup.<\/li>\n<li><a href=\"https:\/\/womenawards.globant.com\/es\" target=\"_blank\" rel=\"noopener\"><strong>Women That Build Awards<\/strong>\u00a0<\/a>\u00e9s un reconeixement global que cerca canviar la realitat de la ind\u00fastria i reduir la bretxa de g\u00e8nere. Volem secundar, recon\u00e8ixer i donar visibilitat a les dones que estan construint una ind\u00fastria diversa i inclusiva.Sabies que, a causa de la pand\u00e8mia, ara hi ha una altra generaci\u00f3 sencera que no aconseguir\u00e0 la paritat de g\u00e8nere? L&#8217;acceleraci\u00f3 digital ofereix grans oportunitats, nous rols, i alternatives per a millorar aquesta realitat.Transformem el futur de les dones en la ind\u00fastria tecnol\u00f2gica. Nomina a una candidata ara mateix!<\/li>\n<li>Al web <strong><a href=\"https:\/\/100jobsofthefuture.com\/\">100 Jobs of the Future<\/a>\u00a0 <\/strong>(projecte de recerca de les tend\u00e8ncies de professions futures de la Deakin University, Griffith University i Ford) hi trobam aquest <a href=\"https:\/\/100jobsofthefuture.com\/quiz\/\"><strong>quizz<\/strong><\/a><span class=\"VIiyi\" jsaction=\"mouseup:BR6jm\" jsname=\"jqKxS\" lang=\"ca\"><span class=\"VIiyi\" jsaction=\"mouseup:BR6jm\" jsname=\"jqKxS\" lang=\"ca\"><span jsaction=\"agoMJf:PFBcW;usxOmf:aWLT7;jhKsnd:P7O7bd,F8DmGf;Q4AGo:Gm7gYd,qAKMYb;uFUCPb:pvnm0e,pfE8Hb,PFBcW;f56efd:dJXsye;EnoYf:KNzws,ZJsZZ,JgVSJc;zdMJQc:cCQNKb,ZJsZZ,zchEXc;Ytrrj:JJDvdc;tNR8yc:GeFvjb;oFN6Ye:hij5Wb;bmeZHc:iURhpf;Oxj3Xe:qAKMYb,yaf12d\" jsname=\"txFAF\" class=\"JLqJ4b ChMk0b\" data-language-for-alternatives=\"ca\" data-language-to-translate-into=\"en\" data-phrase-index=\"0\" data-number-of-phrases=\"4\" jscontroller=\"Zl5N8\" jsdata=\"uqLsIf;_;$42\" jsmodel=\"SsMkhd\"><span class=\"Q4iAWc\" jsaction=\"click:qtZ4nf,GFf3ac,tMZCfe; contextmenu:Nqw7Te,QP7LD; mouseout:Nqw7Te; mouseover:qtZ4nf,c2aHje\" jsname=\"W297wb\"> per identificar alguns dels vostres interessos i aptituds professionals.<\/span><\/span>\u00a0<span jsaction=\"agoMJf:PFBcW;usxOmf:aWLT7;jhKsnd:P7O7bd,F8DmGf;Q4AGo:Gm7gYd,qAKMYb;uFUCPb:pvnm0e,pfE8Hb,PFBcW;f56efd:dJXsye;EnoYf:KNzws,ZJsZZ,JgVSJc;zdMJQc:cCQNKb,ZJsZZ,zchEXc;Ytrrj:JJDvdc;tNR8yc:GeFvjb;oFN6Ye:hij5Wb;bmeZHc:iURhpf;Oxj3Xe:qAKMYb,yaf12d\" jsname=\"txFAF\" class=\"JLqJ4b\" data-language-for-alternatives=\"ca\" data-language-to-translate-into=\"en\" data-phrase-index=\"2\" data-number-of-phrases=\"4\" jscontroller=\"Zl5N8\" jsdata=\"uqLsIf;_;$44\" jsmodel=\"SsMkhd\"><span class=\"Q4iAWc\" jsaction=\"click:qtZ4nf,GFf3ac,tMZCfe; contextmenu:Nqw7Te,QP7LD; mouseout:Nqw7Te; mouseover:qtZ4nf,c2aHje\" jsname=\"W297wb\"> <\/span><\/span><span jsaction=\"agoMJf:PFBcW;usxOmf:aWLT7;jhKsnd:P7O7bd,F8DmGf;Q4AGo:Gm7gYd,qAKMYb;uFUCPb:pvnm0e,pfE8Hb,PFBcW;f56efd:dJXsye;EnoYf:KNzws,ZJsZZ,JgVSJc;zdMJQc:cCQNKb,ZJsZZ,zchEXc;Ytrrj:JJDvdc;tNR8yc:GeFvjb;oFN6Ye:hij5Wb;bmeZHc:iURhpf;Oxj3Xe:qAKMYb,yaf12d\" jsname=\"txFAF\" class=\"JLqJ4b ChMk0b\" data-language-for-alternatives=\"ca\" data-language-to-translate-into=\"en\" data-phrase-index=\"3\" data-number-of-phrases=\"4\" jscontroller=\"Zl5N8\" jsdata=\"uqLsIf;_;$45\" jsmodel=\"SsMkhd\"><span class=\"Q4iAWc\" jsaction=\"click:qtZ4nf,GFf3ac,tMZCfe; contextmenu:Nqw7Te,QP7LD; mouseout:Nqw7Te; mouseover:qtZ4nf,c2aHje\" jsname=\"W297wb\">A partir de les vostres respostes, l&#8217;explorador de llocs de treball us recomanar\u00e0 alguns de les \u00ab100 feines del futur\u00bb que podrien encaixar amb vosaltres. <\/span><\/span><\/span><\/span><\/li>\n<li><span class=\"VIiyi\" jsaction=\"mouseup:BR6jm\" jsname=\"jqKxS\" lang=\"ca\"><span class=\"VIiyi\" jsaction=\"mouseup:BR6jm\" jsname=\"jqKxS\" lang=\"ca\"><span jsaction=\"agoMJf:PFBcW;usxOmf:aWLT7;jhKsnd:P7O7bd,F8DmGf;Q4AGo:Gm7gYd,qAKMYb;uFUCPb:pvnm0e,pfE8Hb,PFBcW;f56efd:dJXsye;EnoYf:KNzws,ZJsZZ,JgVSJc;zdMJQc:cCQNKb,ZJsZZ,zchEXc;Ytrrj:JJDvdc;tNR8yc:GeFvjb;oFN6Ye:hij5Wb;bmeZHc:iURhpf;Oxj3Xe:qAKMYb,yaf12d\" jsname=\"txFAF\" class=\"JLqJ4b ChMk0b\" data-language-for-alternatives=\"ca\" data-language-to-translate-into=\"en\" data-phrase-index=\"3\" data-number-of-phrases=\"4\" jscontroller=\"Zl5N8\" jsdata=\"uqLsIf;_;$45\" jsmodel=\"SsMkhd\"><span class=\"Q4iAWc\" jsaction=\"click:qtZ4nf,GFf3ac,tMZCfe; contextmenu:Nqw7Te,QP7LD; mouseout:Nqw7Te; mouseover:qtZ4nf,c2aHje\" jsname=\"W297wb\"><strong><a href=\"https:\/\/bootcamp.pe.gatech.edu\/blog\/how-to-empower-girls-in-stem\/\">Breaking the Glass Ceiling Early On: How to Empower Girls in STEM<\/a><\/strong>: En aquest article del Georgia Tech Professional Education (GTPE) hi trobareu consells per incentivar les noies en les STEM, dades i conclusions d&#8217;estudis sobre la pres\u00e8ncia femenina en STEM, vocacions&#8230;i llistats de recursos \u00fatils, organitzacions que promouen les STEM en les joves, etc&#8230;<\/span><\/span><\/span><\/span><\/li>\n<li><a href=\"https:\/\/wordfinderx.com\/blog\/women-in-stem-gaming\/\">Navigating the Challenges of Women in STEM &amp; Gaming<strong> : <\/strong><\/a>En aquest article del blog de Wordfinderx s&#8217;ha <span style=\"font-size: 30px;\">he elaborat una recopilaci\u00f3 de recursos destinats a ajudar les dones a obrir-se cam\u00ed en les\u00a0 STEM, programaci\u00f3 i videojocs, \u00e0rees tradicionament dominades pels homes.<\/span><\/li>\n<\/ul>\n<p>[\/et_pb_text][\/et_pb_column][\/et_pb_row][\/et_pb_section]<\/p>\n","protected":false},"excerpt":{"rendered":"<p>Bones pr\u00e0ctiques i iniciatives a la UEEU Prize for Women InnovatorsBones pr\u00e0ctiques i iniciatives a la resta del m\u00f3n\u00a0 Microsoft DigiGirlz Esdeveniments. La p\u00e0gina web \u00e9s principalment en angl\u00e8s per\u00f2 hi ha esdeveniments en castell\u00e0, a Costa Rica per exemple. Technovation Girls\u00a0\u00e9s un concurs internacional de\u00a0tecnologia\u00a0i\u00a0emprenedoria\u00a0que cada any convida a\u00a0nines\u00a0i\u00a0adolescents\u00a0d&#8217;entre 10 i 18 anys a [&hellip;]<\/p>\n","protected":false},"author":1,"featured_media":0,"parent":0,"menu_order":0,"comment_status":"closed","ping_status":"closed","template":"","meta":{"_et_pb_use_builder":"on","_et_pb_old_content":"","_et_gb_content_width":"","footnotes":""},"class_list":["post-684","page","type-page","status-publish","hentry"],"_links":{"self":[{"href":"https:\/\/www.fundaciobit.org\/stem\/wp-json\/wp\/v2\/pages\/684","targetHints":{"allow":["GET"]}}],"collection":[{"href":"https:\/\/www.fundaciobit.org\/stem\/wp-json\/wp\/v2\/pages"}],"about":[{"href":"https:\/\/www.fundaciobit.org\/stem\/wp-json\/wp\/v2\/types\/page"}],"author":[{"embeddable":true,"href":"https:\/\/www.fundaciobit.org\/stem\/wp-json\/wp\/v2\/users\/1"}],"replies":[{"embeddable":true,"href":"https:\/\/www.fundaciobit.org\/stem\/wp-json\/wp\/v2\/comments?post=684"}],"version-history":[{"count":15,"href":"https:\/\/www.fundaciobit.org\/stem\/wp-json\/wp\/v2\/pages\/684\/revisions"}],"predecessor-version":[{"id":1102,"href":"https:\/\/www.fundaciobit.org\/stem\/wp-json\/wp\/v2\/pages\/684\/revisions\/1102"}],"wp:attachment":[{"href":"https:\/\/www.fundaciobit.org\/stem\/wp-json\/wp\/v2\/media?parent=684"}],"curies":[{"name":"wp","href":"https:\/\/api.w.org\/{rel}","templated":true}]}}