{"id":676,"date":"2021-11-09T11:06:34","date_gmt":"2021-11-09T11:06:34","guid":{"rendered":"https:\/\/dev.marksite.es\/stem\/?page_id=676"},"modified":"2021-11-11T17:09:57","modified_gmt":"2021-11-11T17:09:57","slug":"recursos-educatius-per-a-professorat","status":"publish","type":"page","link":"https:\/\/www.fundaciobit.org\/stem\/recursos-educatius-per-a-professorat\/","title":{"rendered":"Recursos educatius per a professorat"},"content":{"rendered":"<p>[et_pb_section fb_built=\u00bb1&#8243; _builder_version=\u00bb4.7.7&#8243; _module_preset=\u00bbdefault\u00bb background_color=\u00bb#ebf6fa\u00bb custom_padding=\u00bb40px||0px|||\u00bb da_disable_devices=\u00bboff|off|off\u00bb global_colors_info=\u00bb{}\u00bb da_is_popup=\u00bboff\u00bb da_exit_intent=\u00bboff\u00bb da_has_close=\u00bbon\u00bb da_alt_close=\u00bboff\u00bb da_dark_close=\u00bboff\u00bb da_not_modal=\u00bbon\u00bb da_is_singular=\u00bboff\u00bb da_with_loader=\u00bboff\u00bb da_has_shadow=\u00bbon\u00bb][et_pb_row _builder_version=\u00bb4.7.7&#8243; _module_preset=\u00bbdefault\u00bb custom_padding=\u00bb0px|||||\u00bb global_colors_info=\u00bb{}\u00bb][et_pb_column type=\u00bb4_4&#8243; _builder_version=\u00bb4.7.7&#8243; _module_preset=\u00bbdefault\u00bb global_colors_info=\u00bb{}\u00bb][et_pb_text _builder_version=\u00bb4.12.1&#8243; _module_preset=\u00bbdefault\u00bb text_font_size=\u00bb50px\u00bb text_line_height=\u00bb1.3em\u00bb header_font=\u00bb|700|||||||\u00bb header_text_align=\u00bbleft\u00bb header_text_color=\u00bb#000000&#8243; header_font_size=\u00bb75px\u00bb width=\u00bb100%\u00bb width_tablet=\u00bb83%\u00bb width_phone=\u00bb83%\u00bb width_last_edited=\u00bbon|phone\u00bb custom_margin=\u00bb||31px|||\u00bb custom_padding=\u00bb28px|||||\u00bb header_font_size_tablet=\u00bb55px\u00bb header_font_size_phone=\u00bb35px\u00bb header_font_size_last_edited=\u00bbon|tablet\u00bb locked=\u00bboff\u00bb global_colors_info=\u00bb{}\u00bb]<\/p>\n<h1><strong>Recursos educatius per a professorat<\/strong><\/h1>\n<p>[\/et_pb_text][\/et_pb_column][\/et_pb_row][\/et_pb_section][et_pb_section fb_built=\u00bb1&#8243; module_id=\u00bbvideo\u00bb _builder_version=\u00bb4.7.7&#8243; _module_preset=\u00bbdefault\u00bb background_color=\u00bb#eb5c67&#8243; background_enable_image=\u00bboff\u00bb parallax=\u00bbon\u00bb z_index=\u00bb10&#8243; custom_padding=\u00bb75px||75px||true|\u00bb da_disable_devices=\u00bboff|off|off\u00bb locked=\u00bboff\u00bb global_colors_info=\u00bb{}\u00bb da_is_popup=\u00bboff\u00bb da_exit_intent=\u00bboff\u00bb da_has_close=\u00bbon\u00bb da_alt_close=\u00bboff\u00bb da_dark_close=\u00bboff\u00bb da_not_modal=\u00bbon\u00bb da_is_singular=\u00bboff\u00bb da_with_loader=\u00bboff\u00bb da_has_shadow=\u00bbon\u00bb][et_pb_row _builder_version=\u00bb4.7.7&#8243; _module_preset=\u00bbdefault\u00bb global_colors_info=\u00bb{}\u00bb][et_pb_column type=\u00bb4_4&#8243; _builder_version=\u00bb4.7.7&#8243; _module_preset=\u00bbdefault\u00bb global_colors_info=\u00bb{}\u00bb][et_pb_text _builder_version=\u00bb4.13.0&#8243; _module_preset=\u00bbdefault\u00bb text_text_color=\u00bb#ffffff\u00bb text_font_size=\u00bb40px\u00bb text_line_height=\u00bb1.1em\u00bb ul_font_size=\u00bb30px\u00bb ul_line_height=\u00bb1.1em\u00bb header_font=\u00bb||||||||\u00bb header_text_align=\u00bbleft\u00bb header_text_color=\u00bb#000000&#8243; header_font_size=\u00bb70px\u00bb header_2_font=\u00bb|700|||||||\u00bb header_2_text_color=\u00bb#ffffff\u00bb header_2_font_size=\u00bb65px\u00bb custom_margin=\u00bb||29px|||\u00bb hover_enabled=\u00bb0&#8243; text_font_size_tablet=\u00bb30px\u00bb text_font_size_phone=\u00bb20px\u00bb text_font_size_last_edited=\u00bbon|phone\u00bb ul_font_size_tablet=\u00bb30px\u00bb ul_font_size_phone=\u00bb20px\u00bb ul_font_size_last_edited=\u00bbon|phone\u00bb locked=\u00bboff\u00bb global_colors_info=\u00bb{}\u00bb width__hover_enabled=\u00bbon|desktop\u00bb sticky_enabled=\u00bb0&#8243;]<\/p>\n<p><a href=\"https:\/\/makecode.microbit.org\/#\" target=\"_blank\" rel=\"noopener\">Microsoft MakeCode<\/a> acosta la inform\u00e0tica a tots els alumnes amb projectes divertits, resultats immediats i editors de blocs i de text per a estudiants de diferents nivells.<\/p>\n<ul>\n<li><a href=\"https:\/\/www.edu-casio.es\/recursos-didacticos\/?offset=80\" target=\"_blank\" rel=\"noopener\">Casio Espa\u00f1a<\/a> t\u00e9 una secci\u00f3 de recursos educatius i v\u00eddeos a la seva web per a professorat, per\u00f2 no s\u00f3n espec\u00edficament per a nines.<\/li>\n<li><a href=\"https:\/\/www.twinkl.es\/resources\/curriculo-espanol-spanish-curriculum\/curriculo-espanol-spanish-curriculum-proyectos-y-reas-temticas\/recursos-stem-proyectos-y-areas-tematicas-espana\" target=\"_blank\" rel=\"noopener\">Aqu\u00ed<\/a> estan en castell\u00e0, tots els materials per ensenyar als alumnes a desenvolupar capacitats i aptituds cient\u00edfiques i l\u00f2giques, mitjan\u00e7ant din\u00e0miques i eines que aposten per la cooperaci\u00f3 i el joc. Escape Rooms, Breakouts, jocs de l\u00f2gica, jocs matem\u00e0tics i activitats d&#8217;experimentaci\u00f3 t&#8217;estan esperant. Fes un cop d&#8217;ull!<\/li>\n<li><a href=\"http:\/\/institucional.us.es\/cientificas\/material-para-centros-educativos\/\" target=\"_blank\" rel=\"noopener\">Joc tipus \u201cPasapalabra\u201d<\/a> amb dones cient\u00edfiques en castell\u00e0.<\/li>\n<li><a href=\"https:\/\/singularity-experts.com\/detras-de-sx\" target=\"_blank\" rel=\"noopener\">Singularity Expert<\/a> \u00e9s una plataforma per l&#8217;orientaci\u00f3 de joves en el camp de les tecnologies i amb un assessorament \u00fanic en el camp de la ciberseguretat.<\/li>\n<li>Digital Craft de Vodafone, 27 activitats, jocs, manualitats per fer a l&#8217;aula.<\/li>\n<li><a href=\"https:\/\/esero.es\/formaciones\/\" target=\"_blank\" rel=\"noopener\">L&#8217;ESA<\/a> ( Ag\u00e8ncia espacial europea) ofereix: La col\u00b7lecci\u00f3 \u201cTeach with Space\u201d desenvolupada en col\u00b7laboraci\u00f3 amb la xarxa d&#8217;Oficines Europees de Recursos d&#8217;Educaci\u00f3 Espacial (<a href=\"https:\/\/esero.es\/formaciones\/\" target=\"_blank\" rel=\"noopener\">ESERO<\/a>), proporciona un ampli conjunt de recursos per a nivells d&#8217;educaci\u00f3 prim\u00e0ria i secund\u00e0ria. Completada amb STEAM en 60\u2019 \u00e9s un tipus de formaci\u00f3 amb una f\u00f3rmula innovadora, gratu\u00efta, online, d&#8217;aproximadament una hora, per a donar a con\u00e8ixer els nostres recursos al professorat.<\/li>\n<li><a href=\"https:\/\/youngitgirls.org\/index.php\/juegos\/\" target=\"_blank\" rel=\"noopener\">Young IT Girls<\/a>, una associaci\u00f3 sense \u00e0nim de lucre, amb l\u2019objectiu que les noies obtinguin un coneixement de les seves oportunitats en l\u2019\u00e0mbit TIC, aix\u00ed com enfortir la seva confian\u00e7a i encoratjant-les a emprendre camins tecnol\u00f2gics. Ens deixen alguns jocs pels infants que podeu imprimir per a que s\u2019ho passin b\u00e9 i alhora aprenguin sobre dones en la ci\u00e8ncia i tecnologia!<\/li>\n<li>Recomanaci\u00f3 de llibres:\n<ul>\n<li>\u201c<a href=\"https:\/\/www.editorialflamboyant.com\/ca\/libro\/inventores-i-els-seus-invents\/\" target=\"_blank\" rel=\"noopener\">Inventores i els seus invents<\/a>\u201d d&#8217;Aitziber Lopez i Luciano Lozano, Ed. Flamboyant.<\/li>\n<\/ul>\n<\/li>\n<\/ul>\n<p>[\/et_pb_text][\/et_pb_column][\/et_pb_row][\/et_pb_section]<\/p>\n","protected":false},"excerpt":{"rendered":"<p>Recursos educatius per a professoratMicrosoft MakeCode acosta la inform\u00e0tica a tots els alumnes amb projectes divertits, resultats immediats i editors de blocs i de text per a estudiants de diferents nivells. Casio Espa\u00f1a t\u00e9 una secci\u00f3 de recursos educatius i v\u00eddeos a la seva web per a professorat, per\u00f2 no s\u00f3n espec\u00edficament per a nines. [&hellip;]<\/p>\n","protected":false},"author":1,"featured_media":0,"parent":0,"menu_order":0,"comment_status":"closed","ping_status":"closed","template":"","meta":{"_et_pb_use_builder":"on","_et_pb_old_content":"","_et_gb_content_width":"","footnotes":""},"class_list":["post-676","page","type-page","status-publish","hentry"],"_links":{"self":[{"href":"https:\/\/www.fundaciobit.org\/stem\/wp-json\/wp\/v2\/pages\/676","targetHints":{"allow":["GET"]}}],"collection":[{"href":"https:\/\/www.fundaciobit.org\/stem\/wp-json\/wp\/v2\/pages"}],"about":[{"href":"https:\/\/www.fundaciobit.org\/stem\/wp-json\/wp\/v2\/types\/page"}],"author":[{"embeddable":true,"href":"https:\/\/www.fundaciobit.org\/stem\/wp-json\/wp\/v2\/users\/1"}],"replies":[{"embeddable":true,"href":"https:\/\/www.fundaciobit.org\/stem\/wp-json\/wp\/v2\/comments?post=676"}],"version-history":[{"count":10,"href":"https:\/\/www.fundaciobit.org\/stem\/wp-json\/wp\/v2\/pages\/676\/revisions"}],"predecessor-version":[{"id":801,"href":"https:\/\/www.fundaciobit.org\/stem\/wp-json\/wp\/v2\/pages\/676\/revisions\/801"}],"wp:attachment":[{"href":"https:\/\/www.fundaciobit.org\/stem\/wp-json\/wp\/v2\/media?parent=676"}],"curies":[{"name":"wp","href":"https:\/\/api.w.org\/{rel}","templated":true}]}}